{"id":4937,"date":"2024-09-25T07:06:59","date_gmt":"2024-09-25T07:06:59","guid":{"rendered":"https:\/\/davidgeisser-kochstudio.ch\/?post_type=product&#038;p=4937"},"modified":"2025-04-22T11:34:16","modified_gmt":"2025-04-22T11:34:16","slug":"aprikose-thymian-balsam-essig","status":"publish","type":"product","link":"https:\/\/davidgeisser-kochstudio.ch\/en\/produkt\/aprikose-thymian-balsam-essig","title":{"rendered":"Aprikose-Thymian Balsam Essig"},"content":{"rendered":"<div class=\"product-title\">\n<div class=\"product-headline\">\n<div class=\"product_labels\"><span style=\"font-size: 1rem;\">David Geissers Chef&#8217;s Choice-Produkte laden zu neuen kulinarischen Experimenten in der K\u00fcche und an der Bar ein. Lass dich von diesem geschmackvollen Essig inspirieren und verleihe deinen Kreationen eine besondere Note. Genuss pur \u2013 perfekt f\u00fcr kreative K\u00f6pfe und Feinschmecker!<\/span><\/div>\n<\/div>\n<\/div>\n","protected":false},"excerpt":{"rendered":"<div class=\"product-title\">\n<div class=\"product-headline\">\n<div class=\"product_labels\">Basierend auf unserem einzigartigen Bierbrandessig haben wir einen k\u00f6stlichen Balsam-Essig kreiert, der mit fruchtigen Aprikosen verfeinert und mit den k\u00f6stlichen Aromen von Thymian abgerundet wird. Das Ergebnis ist ein aussergew\u00f6hnlicher Balsam-Essig, der sowohl Gerichte als auch Desserts auf ein neues Level hebt.<\/div>\n<\/div>\n<\/div>\n","protected":false},"featured_media":4938,"comment_status":"open","ping_status":"closed","template":"","meta":{"_acf_changed":false,"_glsr_average":0,"_glsr_ranking":0,"_glsr_reviews":0},"product_brand":[],"product_cat":[394],"product_tag":[397,395,398,396],"class_list":{"0":"post-4937","1":"product","2":"type-product","3":"status-publish","4":"has-post-thumbnail","6":"product_cat-balsam-essig","7":"product_tag-balsamessig","8":"product_tag-essig","9":"product_tag-fruchtessig","10":"product_tag-gewuerzessig","12":"first","13":"instock","14":"taxable","15":"shipping-taxable","16":"purchasable","17":"product-type-simple"},"acf":[],"_links":{"self":[{"href":"https:\/\/davidgeisser-kochstudio.ch\/en\/wp-json\/wp\/v2\/product\/4937","targetHints":{"allow":["GET"]}}],"collection":[{"href":"https:\/\/davidgeisser-kochstudio.ch\/en\/wp-json\/wp\/v2\/product"}],"about":[{"href":"https:\/\/davidgeisser-kochstudio.ch\/en\/wp-json\/wp\/v2\/types\/product"}],"replies":[{"embeddable":true,"href":"https:\/\/davidgeisser-kochstudio.ch\/en\/wp-json\/wp\/v2\/comments?post=4937"}],"version-history":[{"count":1,"href":"https:\/\/davidgeisser-kochstudio.ch\/en\/wp-json\/wp\/v2\/product\/4937\/revisions"}],"predecessor-version":[{"id":4940,"href":"https:\/\/davidgeisser-kochstudio.ch\/en\/wp-json\/wp\/v2\/product\/4937\/revisions\/4940"}],"wp:featuredmedia":[{"embeddable":true,"href":"https:\/\/davidgeisser-kochstudio.ch\/en\/wp-json\/wp\/v2\/media\/4938"}],"wp:attachment":[{"href":"https:\/\/davidgeisser-kochstudio.ch\/en\/wp-json\/wp\/v2\/media?parent=4937"}],"wp:term":[{"taxonomy":"product_brand","embeddable":true,"href":"https:\/\/davidgeisser-kochstudio.ch\/en\/wp-json\/wp\/v2\/product_brand?post=4937"},{"taxonomy":"product_cat","embeddable":true,"href":"https:\/\/davidgeisser-kochstudio.ch\/en\/wp-json\/wp\/v2\/product_cat?post=4937"},{"taxonomy":"product_tag","embeddable":true,"href":"https:\/\/davidgeisser-kochstudio.ch\/en\/wp-json\/wp\/v2\/product_tag?post=4937"}],"curies":[{"name":"wp","href":"https:\/\/api.w.org\/{rel}","templated":true}]}}