{"id":4131,"date":"2023-12-20T14:32:21","date_gmt":"2023-12-20T14:32:21","guid":{"rendered":"https:\/\/davidgeisser-kochstudio.ch\/?post_type=product&#038;p=4131"},"modified":"2026-04-14T18:57:10","modified_gmt":"2026-04-14T18:57:10","slug":"tuetenhueter-6er-set-david-geissers-chefs-choice","status":"publish","type":"product","link":"https:\/\/davidgeisser-kochstudio.ch\/en\/produkt\/tuetenhueter-6er-set-david-geissers-chefs-choice","title":{"rendered":"T\u00fctenh\u00fcter 6er Set &#8211; David Geisser\u00b4s Chef\u00b4s Choice"},"content":{"rendered":"<p>Das cleverste T\u00fctenverschluss-System passt perfekt zu David Geisser und bringt auch im Kochstudio in Wermatswil mehr Frische und Ordnung.<\/p>\n<p>David Geisser ist begeistert von der einfachen Handhabung, der top Qualit\u00e4t und nat\u00fcrlich von der &#8220;Swissness&#8221; im Produkt selbst.<\/p>\n<p>T\u00fctenh\u00fcter hilft auch Ihrer K\u00fcche zu mehr Frische und Ordnung.<\/p>\n","protected":false},"excerpt":{"rendered":"<p>Das cleverste T\u00fctenverschluss-System passt perfekt zu David Geisser und bringt auch im Kochstudio in Wermatswil mehr Frische und Ordnung.<\/p>\n<p>David Geisser ist begeistert von der einfachen Handhabung, der top Qualit\u00e4t und nat\u00fcrlich von der &#8220;Swissness&#8221; im Produkt selbst.<\/p>\n<p>T\u00fctenh\u00fcter hilft auch Ihrer K\u00fcche zu mehr Frische und Ordnung.<\/p>\n<p>Chef&#8217;s Choice &#8211; Aus David Geisser&#8217;s eigener Produktlinie<\/p>\n<p>T\u00fctenh\u00fcter&#8230;<\/p>\n<p>&#8230;schliessen luftdicht und wasserdicht<br \/>\n&#8230;sind gefrierfest und sp\u00fclmaschinenfest<br \/>\n&#8230;sind funktional f\u00fcr Alu-T\u00fcten, Papier und Kunststoff-T\u00fcten<\/p>\n<p>Das Set beinhaltet:<\/p>\n<ul>\n<li>2 x S \u2013 14 cm Schwarz \/ Weiss mit Aufdruck David Geisser<\/li>\n<li>2 x M \u2013 18 cm Schwarz \/ Weiss mit Aufdruck David Geisser<\/li>\n<li>2 x L \u2013 22 cm Schwarz \/ Weiss mit Aufdruck David Geisser<\/li>\n<\/ul>\n","protected":false},"featured_media":4282,"comment_status":"open","ping_status":"closed","template":"","meta":{"_acf_changed":false,"_glsr_average":0,"_glsr_ranking":0,"_glsr_reviews":0},"product_brand":[],"product_cat":[241],"product_tag":[247,248],"class_list":{"0":"post-4131","1":"product","2":"type-product","3":"status-publish","4":"has-post-thumbnail","6":"product_cat-david-geissers-chefs-choice","7":"product_tag-cherrytomaten","8":"product_tag-konfituere","10":"first","11":"instock","12":"taxable","13":"shipping-taxable","14":"purchasable","15":"product-type-simple"},"acf":[],"_links":{"self":[{"href":"https:\/\/davidgeisser-kochstudio.ch\/en\/wp-json\/wp\/v2\/product\/4131","targetHints":{"allow":["GET"]}}],"collection":[{"href":"https:\/\/davidgeisser-kochstudio.ch\/en\/wp-json\/wp\/v2\/product"}],"about":[{"href":"https:\/\/davidgeisser-kochstudio.ch\/en\/wp-json\/wp\/v2\/types\/product"}],"replies":[{"embeddable":true,"href":"https:\/\/davidgeisser-kochstudio.ch\/en\/wp-json\/wp\/v2\/comments?post=4131"}],"version-history":[{"count":3,"href":"https:\/\/davidgeisser-kochstudio.ch\/en\/wp-json\/wp\/v2\/product\/4131\/revisions"}],"predecessor-version":[{"id":4284,"href":"https:\/\/davidgeisser-kochstudio.ch\/en\/wp-json\/wp\/v2\/product\/4131\/revisions\/4284"}],"wp:featuredmedia":[{"embeddable":true,"href":"https:\/\/davidgeisser-kochstudio.ch\/en\/wp-json\/wp\/v2\/media\/4282"}],"wp:attachment":[{"href":"https:\/\/davidgeisser-kochstudio.ch\/en\/wp-json\/wp\/v2\/media?parent=4131"}],"wp:term":[{"taxonomy":"product_brand","embeddable":true,"href":"https:\/\/davidgeisser-kochstudio.ch\/en\/wp-json\/wp\/v2\/product_brand?post=4131"},{"taxonomy":"product_cat","embeddable":true,"href":"https:\/\/davidgeisser-kochstudio.ch\/en\/wp-json\/wp\/v2\/product_cat?post=4131"},{"taxonomy":"product_tag","embeddable":true,"href":"https:\/\/davidgeisser-kochstudio.ch\/en\/wp-json\/wp\/v2\/product_tag?post=4131"}],"curies":[{"name":"wp","href":"https:\/\/api.w.org\/{rel}","templated":true}]}}