{"id":4010,"date":"2023-02-27T16:07:18","date_gmt":"2023-02-27T16:07:18","guid":{"rendered":"https:\/\/davidgeisser-kochstudio.ch\/?post_type=product&#038;p=4010"},"modified":"2026-04-29T19:17:38","modified_gmt":"2026-04-29T19:17:38","slug":"das-kochbuch","status":"publish","type":"product","link":"https:\/\/davidgeisser-kochstudio.ch\/en\/produkt\/das-kochbuch","title":{"rendered":"Das Kochbuch. (2. Auflage)"},"content":{"rendered":"<p>Wer sich f\u00fcr \u00abDas Kochbuch\u00bb von Koch-Shooting-Star David Geisser und Sternekoch Tristan Brandt entscheidet, trifft damit die vielleicht beste Entscheidung f\u00fcr die m\u00f6glicherweise beste K\u00fcche seines Lebens.<br \/>\nDavid Geisser und Tristan Brandt haben sich zusammengetan, um mit \u00abDas Kochbuch\u00bb ein ganz besonderes Kochbuch auf den Weg zu bringen. Hier geht es nicht einfach nur um eine Rezeptsammlung, nicht um Ruhm und Geld und auch nicht um das unbedingt neue Rezept. Vielmehr ist die Idee, f\u00fcr kulinarisch begeisterte Menschen ein Kochbuch zu machen, das zu jeder Genuss-Idee mit denselben 2 bis 4 Grundzutaten jeweils eine eigene Interpretation der K\u00f6che vorstellt. W\u00e4hrend der eine eher simpel und einfach nachvollziehbar exzellent kocht, bietet der andere die grosse Klasse der gehobenen K\u00fcche. Was dann zun\u00e4chst wie ein Wettbewerb um den besten Geschmack aussieht, ist am Ende ein Kochbuch mit 80 Rezepten, die immer funktionieren. Damit hat jeder die Chance, zu entdecken, welche der beiden Varianten f\u00fcr ihn die bessere ist.<\/p>\n<div class=\"et_pb_module et_pb_blurb et_pb_blurb_2 et_pb_text_align_left et_pb_blurb_position_top et_pb_bg_layout_light\">\n<div class=\"et_pb_blurb_content\">\n<div class=\"et_pb_blurb_container\">\n<h4 class=\"et_pb_module_header\">Die Zusatzfunktionen f\u00fcr &#8220;Das Kochbuch&#8221;<\/h4>\n<div class=\"et_pb_blurb_description\">\n<p>Mit dem Erwerb oder Verschenken von \u201eDas Kochbuch\u201c werden Sie Teil der revolution\u00e4ren Geschichte moderner Kochb\u00fccher und des Kochens selbst; dank seiner Integration von Technologien wie Augemted Reality, WorkCookBook, Hazu und GetMoreBrain verwandelt es sich in ein hybrides Meisterwerk, das sich mit Ihnen entwickelt, sich an Ihre Bed\u00fcrfnisse anpasst und ein lebendiges Bucherlebnis bietet, das mit Ihnen w\u00e4chst und gedeiht.<\/p>\n<\/div>\n<\/div>\n<\/div>\n<\/div>\n<div class=\"et_pb_module dsm_icon_list dsm_icon_list_0\">\n<div class=\"et_pb_module_inner\">\n<ul class=\"dsm_icon_list_items dsm_icon_list_ltr_direction dsm_icon_list_layout_vertical\">\n<li class=\"dsm_icon_list_child dsm_icon_list_child_0\"><span class=\"dsm_icon_list_text\">AR &#8211; Agmented Reality (interaktives Kochen)<\/span><\/li>\n<li class=\"dsm_icon_list_child dsm_icon_list_child_1\"><span class=\"dsm_icon_list_text\">WorkCookBook (Online und offline, Einkaufslisten &amp; Rezepte)<\/span><\/li>\n<li class=\"dsm_icon_list_child dsm_icon_list_child_2\"><span class=\"dsm_icon_list_text\">GetMoreBrain (Ihr digitales Kochbuch mit Notizen und Deed-Dives)<\/span><\/li>\n<li class=\"dsm_icon_list_child dsm_icon_list_child_3\"><span class=\"dsm_icon_list_text\">80 Erkl\u00e4rvideos von David und Tristan zu den Rezepten<\/span><\/li>\n<li class=\"dsm_icon_list_child dsm_icon_list_child_4\"><span class=\"dsm_icon_list_text\">APP f\u00fcr Ihr Smartphone und Tablet mit Zugriff auf die erweiterten Funktionen<\/span><\/li>\n<li class=\"dsm_icon_list_child dsm_icon_list_child_5\"><span class=\"dsm_icon_list_text\">200 Seiten voller kulinarischer Inspiration<\/span><\/li>\n<li class=\"dsm_icon_list_child dsm_icon_list_child_6\"><span class=\"dsm_icon_list_text\">Detaillierte Schritt-f\u00fcr-Schritt-Anleitungen<\/span><\/li>\n<li class=\"dsm_icon_list_child dsm_icon_list_child_7\"><span class=\"dsm_icon_list_text\">Pers\u00f6nliche Tipps und Tricks von den Meisterk\u00f6chen David und Tristan<\/span><\/li>\n<li class=\"dsm_icon_list_child dsm_icon_list_child_8\"><span class=\"dsm_icon_list_text\">Hochwertige Fotoillustrationen f\u00fcr jedes Rezept<\/span><\/li>\n<li class=\"dsm_icon_list_child dsm_icon_list_child_9\"><span class=\"dsm_icon_list_text\">Anpassbare Rezeptvarianten f\u00fcr individuelle Vorlieben<\/span><\/li>\n<\/ul>\n<p><strong>F\u00fcr Bestellungen ab 10 Exemplaren bieten wir Spezialkonditionen an. Bitte kontaktieren Sie uns direkt per E-Mail unter info@davidgeisser.ch.<\/strong><\/p>\n<\/div>\n<\/div>\n<p>Alle Infos zum Kochbuch: <a href=\"https:\/\/www.davidgeisser.ch\/das-kochbuch\/\" target=\"_blank\" rel=\"noopener\">www.davidgeisser.ch\/das-kochbuch<\/a><\/p>\n","protected":false},"excerpt":{"rendered":"<p class=\"docData;DOCY;v5;3102;BQiAAgAAEYQCAAAGiAIAAAMbCQAABSkJAAAAAAAAAAAAAAAAAAAAAAAAAAAAAAAAAAAAAAAAAAAAAAAAAAAAAAAAAAAAAAAAAAAAAAAAAAAAAAAAAAAAAAAAAAAAAAAAAAAAAAAAAAAAAAAAAAAAAAAAAAAAAAAAAAAAAAAAAAAAAAAAAAAAAAAAAAAAAAAAAAAAAAAAAAAAAAAAAAAAAAAAAAAAAAAAAAAAAAAAAAAAAAAAAAAAAAAAAAAAAAAAAAAAAAAAAAAAAAAAAAAAAAAAAAAAAAAAAAAAAAAAAAAAAAAAAAAAAAAAAAAAAAAAAAAAAAAAAAAAAAAAAAAAAAAAAAAAAAAAAAAAAAAAAAAAAAAAAAAAAAAAAAAAAAAAAAAAAAAAAAAAAAAAAAAAAAAAAAAAAAAAAAAAAAAAAAAAAAAAAAAAAAAAAAAAAAAAAAAAAAAAAAAAAAAAAAAAAAAAAAAAAAAAAAAAAAAAAAAAAAAAAAAAAAAAAAAAAAAAAAAAAAAAAAAAAAAAAAAAAAAAAAAAAAAAAAAAAAAAAAAAAAAAAAAAAAAAAAAAAAAAAAAAAAAAAAAAAAAAAAAAAAAAAAAAAAAAAAAAAAAAAAAAAAAAAAAAAAAAAAAAAAAAAAAAAAAAAAAAAAAAAAAAAAAAAAAAAAAAAAAAAAAAAAAAAAAAAAAAAAAAAAAAAAAAAAAAAAAAAAAAAAAAAAAAAAAAAAAAAAAAAAAAAAAAAAAAAAAAAAAAAAAAAAAAAAAAAAAAAAAAAAAAAAAAAAAAAAAAAAAAAAAAAAAAAAAAAAAAAAAAAAAAAAAAAAAAAAAAAAAAAAAAAAAAAAAAAAAAAAAAAAAAAAAAjwYAAAD7AQAAAScAAAAVBgYAAAA2ADEANgABBgAAAAAFAQEJBgAAAAAaBgAAAAAbBgAAAAACygEAAAWnAQAAAQAAAAAInQEAAACYAQAAVwBlAHIAIABzAGkAYwBoACAAZgD8AHIAIAAiAEQAYQBzACAASwBvAGMAaABiAHUAYwBoACIAIAB2AG8AbgAgAEsAbwBjAGgALQBTAGgAbwBvAHQAaQBuAGcALQBTAHQAYQByACAARABhAHYAaQBkACAARwBlAGkAcwBzAGUAcgAgAHUAbgBkACAAUwB0AGUAcgBuAGUAawBvAGMAaAAgAFQAcgBpAHMAdABhAG4AIABCAHIAYQBuAGQAdAAgAGUAbgB0AHMAYwBoAGUAaQBkAGUAdAAsACAAdAByAGkAZgBmAHQAIABkAGEAbQBpAHQAIABkAGkAZQAgAHYAaQBlAGwAbABlAGkAYwBoAHQAIABiAGUAcwB0AGUAIABFAG4AdABzAGMAaABlAGkAZAB1AG4AZwAgAGYA\/AByACAAZABpAGUAIABtAPYAZwBsAGkAYwBoAGUAcgB3AGUAaQBzAGUAIABiAGUAcwB0AGUAIABLAPwAYwBoAGUAIABzAGUAaQBuAGUAcwAgAEwAZQBiAGUAbgBzAC4ABQoAAAABAAAAAAgAAAAABQoAAAABAAAAAAgAAAAAAF4AAAABJwAAABUGBgAAADYAMQA2AAEGAAAAAAUBAQkGAAAAABoGAAAAABsGAAAAAAItAAAABQoAAAABAAAAAAgAAAAABQoAAAABAAAAAAgAAAAABQoAAAABAAAAAAgAAAAAACcEAAABJwAAABUGBgAAADYAMQA2AAEGAAAAAAUBAQkGAAAAABoGAAAAABsGAAAAAAL2AwAABSUAAAABAAAAAAgbAAAAABYAAABHAGEAbgB6AGUAIAA0ADAALAAgAHMABQ8CAAABAAAAAAgFAgAAAAACAABvAHIAZwBmAOQAbAB0AGkAZwAgAGEAdQBzAGcAZQB3AOQAaABsAHQAZQAgAFMAcABlAGkAcwBlAG4ALAAgAHcAZQByAGQAZQBuACAAdgBvAG4AIABkAGUAbgAgAGIAZQBpAGQAZQBuACAAUwBwAGkAdAB6AGUAbgBrAPYAYwBoAGUAbgAgAGkAbgBkAGkAdgBpAGQAdQBlAGwAbAAgAGkAbgB0AGUAcgBwAHIAZQB0AGkAZQByAHQAIAB1AG4AZAAgAGYA\/ABoAHIAZQBuACAAegB1ACAAaQBtAG0AZQByACAAYQBuAGQAZQByAGUAbgAgAEUAcgBsAGUAYgBuAGkAcwBzAGUAbgAgAGkAbgAgAGQAZQByACAAZwB1AHQAZQBuACAASwD8AGMAaABlAC4AIABXAOQAaAByAGUAbgBkACAAZABlAHIAIABlAGkAbgBlACAAZQBoAGUAcgAgAHMAaQBtAHAAZQBsACAAdQBuAGQAIABlAGkAbgBmAGEAYwBoACAAbgBhAGMAaAB2AG8AbABsAHoAaQBlAGgAYgBhAHIAIABlAHgAegBlAGwAbABlAG4AdAAgAGsAbwBjAGgAdAAsACAAYgBpAGUAdABlAHQAIABkAGUAcgAgAGEAbgBkAGUAcgBlACAAZABpAGUAIABnAHIAbwBzAHMAZQAgAAURAAAAAQAAAAAIBwAAAAACAAAASwAF4QAAAAEAAAAACNcAAAAA0gAAAGwAYQBzAHMAZQAgAGQAZQByACAAZwBlAGgAbwBiAGUAbgBlAG4AIABLAPwAYwBoAGUALgAgAFcAYQBzACAAZABhAG4AbgAgAHoAdQBuAOQAYwBoAHMAdAAgAHcAaQBlACAAZQBpAG4AIABXAGUAdAB0AGIAZQB3AGUAcgBiACAAdQBtACAAZABlAG4AIABiAGUAcwB0AGUAbgAgAEcAZQBzAGMAaABtAGEAYwBrACAAYQB1AHMAcwBpAGUAaAB0ACwAIABpAHMAdAAgAGEAbQAgAAURAAAAAQAAAAAIBwAAAAACAAAARQAFgwAAAAEAAAAACHkAAAAAdAAAAG4AZABlACAAZQBpAG4AIABLAG8AYwBoAGIAdQBjAGgAIABtAGkAdAAgADgAMAAgAFIAZQB6AGUAcAB0AGUAbgAsACAAZABpAGUAIABpAG0AbQBlAHIAIABmAHUAbgBrAHQAaQBvAG4AaQBlAHIAZQBuAC4ABQoAAAABAAAAAAgAAAAABQoAAAABAAAAAAgAAAAACgAAAAAAAAAAEQAAAADxAgAAABIAAAABBgAAAAAJBgAAAAAbBgAAAAABuwAAAAQGIAAAAEwAaQBiAGUAcgBhAHQAaQBvAG4AIABTAGUAcgBpAGYABQYgAAAATABpAGIAZQByAGEAdABpAG8AbgAgAFMAZQByAGkAZgAHBhYAAABMAHUAYwBpAGQAYQAgAFMAYQBuAHMABgYOAAAATgBTAGkAbQBTAHUAbgATAQEIBBgAAAAWBBgAAAAZBgoAAABkAGUALQBEAEUAGgYKAAAAaABpAC0ASQBOABsGCgAAAHoAaAAtAEMATgACFQIAAAAQAgAAAQYAAAA2ADEANgACDAAAAE4AbwByAG0AYQBsAAkBAAAAAwgBAAAAAQoBAAAAAQX5AAAAAAEAAQEAAgELAwEABAYgAAAATABpAGIAZQByAGEAdABpAG8AbgAgAFMAZQByAGkAZgAFBiAAAABMAGkAYgBlAHIAYQB0AGkAbwBuACAAUwBlAHIAaQBmAAcGFgAAAEwAdQBjAGkAZABhACAAUwBhAG4AcwAGBg4AAABOAFMAaQBtAFMAdQBuAAgEGAAAAAoBAAwBACYEAAAAAA8BABABABEBACcEAAAAABQBABUBABYEGAAAABcBABgBABkGCgAAAGQAZQAtAEQARQAaBgoAAABoAGkALQBJAE4AGwYKAAAAegBoAC0AQwBOABwGAgAAAAAAHgEALgEABt8AAAAAAQABBhIAAAAkBAAAAAAlBAAAAAAmBAAAAAAFAQEGAQAHAQAIAQAJBhsAAAAnBPAAAAALAQEcAQAoBAAAAAAdAQApBAAAAAAOBggAAAAAAQEBA\/\/\/\/xkBARsGfQAAAAAUAAAAAAMAAAAFBAAAAAAGBAQAAAADAQABFAAAAAADAAAABQQAAAAABgQEAAAAAwEAAhQAAAAAAwAAAAUEAAAAAAYEBAAAAAMBAAMUAAAAAAMAAAAFBAAAAAAGBAQAAAADAQALFAAAAAADAAAABQQAAAAABgQEAAAAAwEALAEA\">Wer sich f\u00fcr \u00abDas Kochbuch\u00bb von Koch-Shooting-Star David Geisser und Sternekoch Tristan Brandt entscheidet, trifft damit die vielleicht beste Entscheidung f\u00fcr die m\u00f6glicherweise beste K\u00fcche seines Lebens.<\/p>\n<p>David Geisser und Tristan Brandt haben sich zusammengetan, um mit \u00abDas Kochbuch\u00bb ein ganz besonderes Kochbuch auf den Weg zu bringen. Hier geht es nicht einfach nur um eine Rezeptsammlung, nicht um Ruhm und Geld und auch nicht um das unbedingt neue Rezept. Vielmehr ist die Idee, f\u00fcr kulinarisch begeisterte Menschen ein Kochbuch zu machen, das zu jeder Genuss-Idee mit denselben 2 bis 4 Grundzutaten jeweils eine eigene Interpretation der K\u00f6che vorstellt. W\u00e4hrend der eine eher simpel und einfach nachvollziehbar exzellent kocht, bietet der andere die grosse Klasse der gehobenen K\u00fcche. Was dann zun\u00e4chst wie ein Wettbewerb um den besten Geschmack aussieht, ist am Ende ein Kochbuch mit 80 Rezepten, die immer funktionieren. Damit hat jeder die Chance, zu entdecken, welche der beiden Varianten f\u00fcr ihn die bessere ist.<\/p>\n<div class=\"et_pb_module et_pb_blurb et_pb_blurb_2 et_pb_text_align_left et_pb_blurb_position_top et_pb_bg_layout_light\">\n<div class=\"et_pb_blurb_content\">\n<div class=\"et_pb_blurb_container\">\n<h4 class=\"et_pb_module_header\">Die Zusatzfunktionen f\u00fcr &#8220;Das Kochbuch&#8221;<\/h4>\n<div class=\"et_pb_blurb_description\">\n<p>Mit dem Erwerb oder Verschenken von \u201eDas Kochbuch\u201c werden Sie Teil der revolution\u00e4ren Geschichte moderner Kochb\u00fccher und des Kochens selbst; dank seiner Integration von Technologien wie Augemted Reality, WorkCookBook, Hazu und GetMoreBrain verwandelt es sich in ein hybrides Meisterwerk, das sich mit Ihnen entwickelt, sich an Ihre Bed\u00fcrfnisse anpasst und ein lebendiges Bucherlebnis bietet, das mit Ihnen w\u00e4chst und gedeiht.<\/p>\n<\/div>\n<\/div>\n<\/div>\n<\/div>\n<div class=\"et_pb_module dsm_icon_list dsm_icon_list_0\">\n<div class=\"et_pb_module_inner\">\n<ul class=\"dsm_icon_list_items dsm_icon_list_ltr_direction dsm_icon_list_layout_vertical\">\n<li class=\"dsm_icon_list_child dsm_icon_list_child_0\"><span class=\"dsm_icon_list_text\">AR &#8211; Agmented Reality (interaktives Kochen)<\/span><\/li>\n<li class=\"dsm_icon_list_child dsm_icon_list_child_1\"><span class=\"dsm_icon_list_text\">WorkCookBook (Online und offline, Einkaufslisten &amp; Rezepte)<\/span><\/li>\n<li class=\"dsm_icon_list_child dsm_icon_list_child_2\"><span class=\"dsm_icon_list_text\">GetMoreBrain (Ihr digitales Kochbuch mit Notizen und Deed-Dives)<\/span><\/li>\n<li class=\"dsm_icon_list_child dsm_icon_list_child_3\"><span class=\"dsm_icon_list_text\">80 Erkl\u00e4rvideos von David und Tristan zu den Rezepten<\/span><\/li>\n<li class=\"dsm_icon_list_child dsm_icon_list_child_4\"><span class=\"dsm_icon_list_text\">APP f\u00fcr Ihr Smartphone und Tablet mit Zugriff auf die erweiterten Funktionen<\/span><\/li>\n<li class=\"dsm_icon_list_child dsm_icon_list_child_5\"><span class=\"dsm_icon_list_text\">200 Seiten voller kulinarischer Inspiration<\/span><\/li>\n<li class=\"dsm_icon_list_child dsm_icon_list_child_6\"><span class=\"dsm_icon_list_text\">Detaillierte Schritt-f\u00fcr-Schritt-Anleitungen<\/span><\/li>\n<li class=\"dsm_icon_list_child dsm_icon_list_child_7\"><span class=\"dsm_icon_list_text\">Pers\u00f6nliche Tipps und Tricks von den Meisterk\u00f6chen David und Tristan<\/span><\/li>\n<li class=\"dsm_icon_list_child dsm_icon_list_child_8\"><span class=\"dsm_icon_list_text\">Hochwertige Fotoillustrationen f\u00fcr jedes Rezept<\/span><\/li>\n<li class=\"dsm_icon_list_child dsm_icon_list_child_9\"><span class=\"dsm_icon_list_text\">Anpassbare Rezeptvarianten f\u00fcr individuelle Vorlieben<\/span><\/li>\n<\/ul>\n<\/div>\n<\/div>\n<p><strong>F\u00fcr Bestellungen ab 10 Exemplaren bieten wir Spezialkonditionen an. Bitte kontaktieren Sie uns direkt per E-Mail unter info@davidgeisser.ch.<\/strong><\/p>\n<p>Alle Infos zum Kochbuch: <a href=\"https:\/\/www.davidgeisser.ch\/das-kochbuch\/\">www.davidgeisser.ch\/das-kochbuch<\/a><\/p>\n","protected":false},"featured_media":4408,"comment_status":"open","ping_status":"closed","template":"","meta":{"_acf_changed":false,"_glsr_average":0,"_glsr_ranking":0,"_glsr_reviews":0},"product_brand":[],"product_cat":[254],"product_tag":[386,388,387],"class_list":{"0":"post-4010","1":"product","2":"type-product","3":"status-publish","4":"has-post-thumbnail","6":"product_cat-kochbuch","7":"product_tag-das-kochbuch","8":"product_tag-david-geisser","9":"product_tag-tristan-brandt","10":"product_shipping_class-physischesprodukt","12":"first","13":"instock","14":"taxable","15":"shipping-taxable","16":"purchasable","17":"product-type-variable"},"acf":[],"_links":{"self":[{"href":"https:\/\/davidgeisser-kochstudio.ch\/en\/wp-json\/wp\/v2\/product\/4010","targetHints":{"allow":["GET"]}}],"collection":[{"href":"https:\/\/davidgeisser-kochstudio.ch\/en\/wp-json\/wp\/v2\/product"}],"about":[{"href":"https:\/\/davidgeisser-kochstudio.ch\/en\/wp-json\/wp\/v2\/types\/product"}],"replies":[{"embeddable":true,"href":"https:\/\/davidgeisser-kochstudio.ch\/en\/wp-json\/wp\/v2\/comments?post=4010"}],"version-history":[{"count":14,"href":"https:\/\/davidgeisser-kochstudio.ch\/en\/wp-json\/wp\/v2\/product\/4010\/revisions"}],"predecessor-version":[{"id":4401,"href":"https:\/\/davidgeisser-kochstudio.ch\/en\/wp-json\/wp\/v2\/product\/4010\/revisions\/4401"}],"wp:featuredmedia":[{"embeddable":true,"href":"https:\/\/davidgeisser-kochstudio.ch\/en\/wp-json\/wp\/v2\/media\/4408"}],"wp:attachment":[{"href":"https:\/\/davidgeisser-kochstudio.ch\/en\/wp-json\/wp\/v2\/media?parent=4010"}],"wp:term":[{"taxonomy":"product_brand","embeddable":true,"href":"https:\/\/davidgeisser-kochstudio.ch\/en\/wp-json\/wp\/v2\/product_brand?post=4010"},{"taxonomy":"product_cat","embeddable":true,"href":"https:\/\/davidgeisser-kochstudio.ch\/en\/wp-json\/wp\/v2\/product_cat?post=4010"},{"taxonomy":"product_tag","embeddable":true,"href":"https:\/\/davidgeisser-kochstudio.ch\/en\/wp-json\/wp\/v2\/product_tag?post=4010"}],"curies":[{"name":"wp","href":"https:\/\/api.w.org\/{rel}","templated":true}]}}