{"id":3931,"date":"2023-11-17T14:58:23","date_gmt":"2023-11-17T14:58:23","guid":{"rendered":"https:\/\/davidgeisser-kochstudio.ch\/?post_type=product&#038;p=3931"},"modified":"2026-04-08T22:28:07","modified_gmt":"2026-04-08T22:28:07","slug":"hausgemachte-pickles-david-geissers-chefs-choice","status":"publish","type":"product","link":"https:\/\/davidgeisser-kochstudio.ch\/en\/produkt\/hausgemachte-pickles-david-geissers-chefs-choice","title":{"rendered":"Hausgemachte Pickles &#8211; David Geisser&#8217;s Chef&#8217;s Choice"},"content":{"rendered":"<p>Ob f\u00fcr Vorspeisen, Hauptg\u00e4nge oder zu K\u00e4segerichten &#8211; mit unseren hausgemachten Pickles machst du aus einem gew\u00f6hnlichen Mahl ein Geschmackserlebnis.<\/p>\n","protected":false},"excerpt":{"rendered":"<p>Ob f\u00fcr Vorspeisen, Hauptg\u00e4nge oder zu K\u00e4segerichten &#8211; mit unseren hausgemachten Pickles machst du aus einem gew\u00f6hnlichen Mahl ein Geschmackserlebnis.<\/p>\n","protected":false},"featured_media":3934,"comment_status":"open","ping_status":"closed","template":"","meta":{"_acf_changed":false,"_glsr_average":0,"_glsr_ranking":0,"_glsr_reviews":0},"product_brand":[],"product_cat":[241],"product_tag":[385,384],"class_list":{"0":"post-3931","1":"product","2":"type-product","3":"status-publish","4":"has-post-thumbnail","6":"product_cat-david-geissers-chefs-choice","7":"product_tag-hausgemacht","8":"product_tag-pickles","10":"first","11":"instock","12":"taxable","13":"shipping-taxable","14":"purchasable","15":"product-type-variable","16":"has-default-attributes"},"acf":[],"_links":{"self":[{"href":"https:\/\/davidgeisser-kochstudio.ch\/en\/wp-json\/wp\/v2\/product\/3931","targetHints":{"allow":["GET"]}}],"collection":[{"href":"https:\/\/davidgeisser-kochstudio.ch\/en\/wp-json\/wp\/v2\/product"}],"about":[{"href":"https:\/\/davidgeisser-kochstudio.ch\/en\/wp-json\/wp\/v2\/types\/product"}],"replies":[{"embeddable":true,"href":"https:\/\/davidgeisser-kochstudio.ch\/en\/wp-json\/wp\/v2\/comments?post=3931"}],"version-history":[{"count":1,"href":"https:\/\/davidgeisser-kochstudio.ch\/en\/wp-json\/wp\/v2\/product\/3931\/revisions"}],"predecessor-version":[{"id":3936,"href":"https:\/\/davidgeisser-kochstudio.ch\/en\/wp-json\/wp\/v2\/product\/3931\/revisions\/3936"}],"wp:featuredmedia":[{"embeddable":true,"href":"https:\/\/davidgeisser-kochstudio.ch\/en\/wp-json\/wp\/v2\/media\/3934"}],"wp:attachment":[{"href":"https:\/\/davidgeisser-kochstudio.ch\/en\/wp-json\/wp\/v2\/media?parent=3931"}],"wp:term":[{"taxonomy":"product_brand","embeddable":true,"href":"https:\/\/davidgeisser-kochstudio.ch\/en\/wp-json\/wp\/v2\/product_brand?post=3931"},{"taxonomy":"product_cat","embeddable":true,"href":"https:\/\/davidgeisser-kochstudio.ch\/en\/wp-json\/wp\/v2\/product_cat?post=3931"},{"taxonomy":"product_tag","embeddable":true,"href":"https:\/\/davidgeisser-kochstudio.ch\/en\/wp-json\/wp\/v2\/product_tag?post=3931"}],"curies":[{"name":"wp","href":"https:\/\/api.w.org\/{rel}","templated":true}]}}