{"id":2641,"date":"2023-11-04T17:52:09","date_gmt":"2023-11-04T17:52:09","guid":{"rendered":"https:\/\/davidgeisser-kochstudio.ch\/?post_type=product&#038;p=2641"},"modified":"2026-04-17T22:50:17","modified_gmt":"2026-04-17T22:50:17","slug":"kosantoku","status":"publish","type":"product","link":"https:\/\/davidgeisser-kochstudio.ch\/en\/produkt\/kosantoku","title":{"rendered":"Kosantoku"},"content":{"rendered":"<div id=\"description\" class=\"\">\n<p>150mm Klingenl\u00e4nge<\/p>\n<p>Perfekt verarbeitetes K\u00fcchenmesser von MCUSTA mit einer spiegelpolierten Oberfl\u00e4che. Der 8-eckige ergonomisch geformte \u2013 in rot, schwarz oder gr\u00fcn erh\u00e4ltliche \u2013 Sandelholz Griff ist absolut wasserresistent. Die spiegelpolierte Neusilber Zwinge ist antibakteriell und bildet einen sch\u00f6nen \u00dcbergang zur Klinge. Zus\u00e4tzlich ist der Griff mit einem Mosaikpin versehen. Die Klinge wurde aus 3-lagigem SPG2 Pulverstahl (Super Powder Gold 2) gefertigt. Die Aussenhaut ist poliert und rostfrei.<\/p>\n<p><b>Stahl: 3-Lagen, Mittellage aus SPG2 Pulverstahl<\/b><\/p>\n<p><b>Klingendicke: 1.8-0.6 mm verj\u00fcngend<\/b><\/p>\n<p><b>H\u00e4rte der Schneide: 61-62 HRC<\/b><\/p>\n<p><b>Anschliff: beidseitig 50\/50<\/b><\/p>\n<p><b>Griff: 8-eckiger Pakkaholzgriff f\u00fcr Links und Rechtsh\u00e4nder<\/b><\/p>\n<p><b>Gewicht: 129 Gramm<\/b><\/p>\n<p>Wundersch\u00f6nes und langlebiges K\u00fcchenmesser aus Seki in Japan. MCUSTA ist ein kleines Familienunternehmen mit 30 Mitarbeitern. S\u00e4mtliche Arbeitsschritte werden im Hause Mcusta durchgef\u00fchrt. Der Endschliff erfolgt vom Gesch\u00e4ftsf\u00fchrer h\u00f6chstpers\u00f6nlich.<\/p>\n<\/div>\n<div class=\"information\">\n<div class=\"productMainInfo\">\n<div id=\"variants\" class=\"selectorsBox js-fnSubmit clear\">\n<p class=\"selectbox dropDown\">\n<\/div>\n<\/div>\n<\/div>\n","protected":false},"excerpt":{"rendered":"<p>150mm Klingenl\u00e4nge Perfekt verarbeitetes K\u00fcchenmesser von MCUSTA mit einer spiegelpolierten Oberfl\u00e4che. Der 8-eckige ergonomisch geformte \u2013 in rot, schwarz oder gr\u00fcn erh\u00e4ltliche \u2013 Sandelholz Griff ist absolut wasserresistent. Die spiegelpolierte Neusilber Zwinge ist antibakteriell und bildet einen sch\u00f6nen \u00dcbergang zur Klinge. Zus\u00e4tzlich ist der Griff mit einem Mosaikpin versehen. Die Klinge wurde aus 3-lagigem SPG2 [&hellip;]<\/p>\n","protected":false},"featured_media":1453,"comment_status":"open","ping_status":"closed","template":"","meta":{"_acf_changed":false,"_glsr_average":0,"_glsr_ranking":0,"_glsr_reviews":0},"product_brand":[],"product_cat":[270],"product_tag":[274,272,273,271],"class_list":{"0":"post-2641","1":"product","2":"type-product","3":"status-publish","4":"has-post-thumbnail","6":"product_cat-messerkollektion","7":"product_tag-japan","8":"product_tag-kuechenmesser","9":"product_tag-mcusta","10":"product_tag-messer","12":"first","13":"outofstock","14":"taxable","15":"shipping-taxable","16":"purchasable","17":"product-type-variable"},"acf":[],"_links":{"self":[{"href":"https:\/\/davidgeisser-kochstudio.ch\/en\/wp-json\/wp\/v2\/product\/2641","targetHints":{"allow":["GET"]}}],"collection":[{"href":"https:\/\/davidgeisser-kochstudio.ch\/en\/wp-json\/wp\/v2\/product"}],"about":[{"href":"https:\/\/davidgeisser-kochstudio.ch\/en\/wp-json\/wp\/v2\/types\/product"}],"replies":[{"embeddable":true,"href":"https:\/\/davidgeisser-kochstudio.ch\/en\/wp-json\/wp\/v2\/comments?post=2641"}],"version-history":[{"count":2,"href":"https:\/\/davidgeisser-kochstudio.ch\/en\/wp-json\/wp\/v2\/product\/2641\/revisions"}],"predecessor-version":[{"id":3928,"href":"https:\/\/davidgeisser-kochstudio.ch\/en\/wp-json\/wp\/v2\/product\/2641\/revisions\/3928"}],"wp:featuredmedia":[{"embeddable":true,"href":"https:\/\/davidgeisser-kochstudio.ch\/en\/wp-json\/wp\/v2\/media\/1453"}],"wp:attachment":[{"href":"https:\/\/davidgeisser-kochstudio.ch\/en\/wp-json\/wp\/v2\/media?parent=2641"}],"wp:term":[{"taxonomy":"product_brand","embeddable":true,"href":"https:\/\/davidgeisser-kochstudio.ch\/en\/wp-json\/wp\/v2\/product_brand?post=2641"},{"taxonomy":"product_cat","embeddable":true,"href":"https:\/\/davidgeisser-kochstudio.ch\/en\/wp-json\/wp\/v2\/product_cat?post=2641"},{"taxonomy":"product_tag","embeddable":true,"href":"https:\/\/davidgeisser-kochstudio.ch\/en\/wp-json\/wp\/v2\/product_tag?post=2641"}],"curies":[{"name":"wp","href":"https:\/\/api.w.org\/{rel}","templated":true}]}}