{"id":2640,"date":"2023-11-04T17:52:09","date_gmt":"2023-11-04T17:52:09","guid":{"rendered":"https:\/\/davidgeisser-kochstudio.ch\/?post_type=product&#038;p=2640"},"modified":"2026-05-05T14:43:33","modified_gmt":"2026-05-05T14:43:33","slug":"apero-riche","status":"publish","type":"product","link":"https:\/\/davidgeisser-kochstudio.ch\/en\/produkt\/apero-riche","title":{"rendered":"Ap\u00e9ro Riche"},"content":{"rendered":"<h4>Kleine H\u00e4ppchen erhalten die Freundschaft<\/h4>\n<p>&nbsp;<\/p>\n<p><strong>Was gibt es Sch\u00f6neres, als mit Freunden und Familie an einer reich gedeckten Tafelrunde den Abend zu verbringen? Bei feinem Essen und spritzigen Getr\u00e4nken zusammenzusitzen, den Alltag zur\u00fcckzulassen und einfach zu Geniessen? Was f\u00fcr ein himmlisches Gef\u00fchl! W\u00e4re da nur nicht das Kochen.<\/strong><\/p>\n<p>Damit die Zubereitungszeit in der K\u00fcche verk\u00fcrzt wird, widmet sich David in diesem Kochbuch Rezepten, in Form von kleinen, aber daf\u00fcr umso delikateren H\u00e4ppchen. Die ausgew\u00e4hlten Leckerbissen, lassen sich bestens im Voraus zubereiten. So bleibt bei Tisch genug Zeit, um zu lachen, interessante Gespr\u00e4che zu f\u00fchren und einfach nur die Seele mit den Liebsten baumeln zu lassen. Die G\u00e4ste werden daf\u00fcr dankbar sein, denn nicht nur die Liebe, sondern auch die Freundschaft geht durch den Magen \u2013 ein wenig zumindest!<\/p>\n","protected":false},"excerpt":{"rendered":"<p>Ap\u00e9ro Riche bietet feine, kleine H\u00e4ppchen f\u00fcr Genussabende unter Freunden.<\/p>\n<p>Wenn Sie eine pers\u00f6nliche Unterschrift m\u00f6chten, geben Sie dies bitte im Warenkorb unter \u201aBemerkungen\u2018 an und schreiben dazu, f\u00fcr wen die Signatur sein soll.<\/p>\n","protected":false},"featured_media":1450,"comment_status":"open","ping_status":"closed","template":"","meta":{"_acf_changed":false,"_glsr_average":0,"_glsr_ranking":0,"_glsr_reviews":0},"product_brand":[],"product_cat":[254],"product_tag":[269,257,268],"class_list":{"0":"post-2640","1":"product","2":"type-product","3":"status-publish","4":"has-post-thumbnail","6":"product_cat-kochbuch","7":"product_tag-kleine-haeppchen","8":"product_tag-kochbuch","9":"product_tag-rezepte","11":"first","12":"instock","13":"taxable","14":"shipping-taxable","15":"purchasable","16":"product-type-variable","17":"has-default-attributes"},"acf":[],"_links":{"self":[{"href":"https:\/\/davidgeisser-kochstudio.ch\/en\/wp-json\/wp\/v2\/product\/2640","targetHints":{"allow":["GET"]}}],"collection":[{"href":"https:\/\/davidgeisser-kochstudio.ch\/en\/wp-json\/wp\/v2\/product"}],"about":[{"href":"https:\/\/davidgeisser-kochstudio.ch\/en\/wp-json\/wp\/v2\/types\/product"}],"replies":[{"embeddable":true,"href":"https:\/\/davidgeisser-kochstudio.ch\/en\/wp-json\/wp\/v2\/comments?post=2640"}],"version-history":[{"count":2,"href":"https:\/\/davidgeisser-kochstudio.ch\/en\/wp-json\/wp\/v2\/product\/2640\/revisions"}],"predecessor-version":[{"id":5682,"href":"https:\/\/davidgeisser-kochstudio.ch\/en\/wp-json\/wp\/v2\/product\/2640\/revisions\/5682"}],"wp:featuredmedia":[{"embeddable":true,"href":"https:\/\/davidgeisser-kochstudio.ch\/en\/wp-json\/wp\/v2\/media\/1450"}],"wp:attachment":[{"href":"https:\/\/davidgeisser-kochstudio.ch\/en\/wp-json\/wp\/v2\/media?parent=2640"}],"wp:term":[{"taxonomy":"product_brand","embeddable":true,"href":"https:\/\/davidgeisser-kochstudio.ch\/en\/wp-json\/wp\/v2\/product_brand?post=2640"},{"taxonomy":"product_cat","embeddable":true,"href":"https:\/\/davidgeisser-kochstudio.ch\/en\/wp-json\/wp\/v2\/product_cat?post=2640"},{"taxonomy":"product_tag","embeddable":true,"href":"https:\/\/davidgeisser-kochstudio.ch\/en\/wp-json\/wp\/v2\/product_tag?post=2640"}],"curies":[{"name":"wp","href":"https:\/\/api.w.org\/{rel}","templated":true}]}}