{"id":2630,"date":"2023-11-04T17:52:08","date_gmt":"2023-11-04T17:52:08","guid":{"rendered":"https:\/\/davidgeisser-kochstudio.ch\/?post_type=product&#038;p=2630"},"modified":"2025-04-22T11:59:07","modified_gmt":"2025-04-22T11:59:07","slug":"mit-80-tellern-um-die-welt","status":"publish","type":"product","link":"https:\/\/davidgeisser-kochstudio.ch\/en\/produkt\/mit-80-tellern-um-die-welt","title":{"rendered":"Mit 80 Tellern um die Welt"},"content":{"rendered":"<p><strong>Wer nicht geniesst, wird ungeniessbar.<\/strong><\/p>\n<p>Aus der anf\u00e4nglich schulischen Abschlussarbeit wurde im Verlaufe der Zeit eine Art faszinierende Freizeitbesch\u00e4ftigung. Mit diesem Kochbuch schaffte David \u00fcber Nacht den Sprung in die nationalen Medien.<br \/>\nDas farbenfrohes und sinnliche Kochbuch besteht aus vielf\u00e4ltigen 4-Gang Men\u00fcs aus zwanzig L\u00e4ndern. Hobbyk\u00f6che haben die M\u00f6glichkeit, ihre G\u00e4ste mit einer kompletten Men\u00fcfolge eines Landes zu \u00fcberraschen und sparen sich die Suche nach passenden G\u00e4ngen. Die Zutaten f\u00fcr die Gerichte sind \u00fcberall erh\u00e4ltlich und die Zubereitung erfordert kein grosses Vorwissen.<\/p>\n","protected":false},"excerpt":{"rendered":"<p>Wenn Sie eine pers\u00f6nliche Unterschrift m\u00f6chten, geben Sie dies bitte im Warenkorb unter \u201aBemerkungen\u2018 an und schreiben dazu, f\u00fcr wen die Signatur sein soll.<\/p>\n","protected":false},"featured_media":1428,"comment_status":"open","ping_status":"closed","template":"","meta":{"_acf_changed":false,"_glsr_average":0,"_glsr_ranking":0,"_glsr_reviews":0},"product_brand":[],"product_cat":[254],"product_tag":[256,255,258,257],"class_list":{"0":"post-2630","1":"product","2":"type-product","3":"status-publish","4":"has-post-thumbnail","6":"product_cat-kochbuch","7":"product_tag-80-teller","8":"product_tag-buch","9":"product_tag-koch","10":"product_tag-kochbuch","12":"first","13":"instock","14":"taxable","15":"shipping-taxable","16":"purchasable","17":"product-type-variable","18":"has-default-attributes"},"acf":[],"_links":{"self":[{"href":"https:\/\/davidgeisser-kochstudio.ch\/en\/wp-json\/wp\/v2\/product\/2630","targetHints":{"allow":["GET"]}}],"collection":[{"href":"https:\/\/davidgeisser-kochstudio.ch\/en\/wp-json\/wp\/v2\/product"}],"about":[{"href":"https:\/\/davidgeisser-kochstudio.ch\/en\/wp-json\/wp\/v2\/types\/product"}],"replies":[{"embeddable":true,"href":"https:\/\/davidgeisser-kochstudio.ch\/en\/wp-json\/wp\/v2\/comments?post=2630"}],"version-history":[{"count":3,"href":"https:\/\/davidgeisser-kochstudio.ch\/en\/wp-json\/wp\/v2\/product\/2630\/revisions"}],"predecessor-version":[{"id":5685,"href":"https:\/\/davidgeisser-kochstudio.ch\/en\/wp-json\/wp\/v2\/product\/2630\/revisions\/5685"}],"wp:featuredmedia":[{"embeddable":true,"href":"https:\/\/davidgeisser-kochstudio.ch\/en\/wp-json\/wp\/v2\/media\/1428"}],"wp:attachment":[{"href":"https:\/\/davidgeisser-kochstudio.ch\/en\/wp-json\/wp\/v2\/media?parent=2630"}],"wp:term":[{"taxonomy":"product_brand","embeddable":true,"href":"https:\/\/davidgeisser-kochstudio.ch\/en\/wp-json\/wp\/v2\/product_brand?post=2630"},{"taxonomy":"product_cat","embeddable":true,"href":"https:\/\/davidgeisser-kochstudio.ch\/en\/wp-json\/wp\/v2\/product_cat?post=2630"},{"taxonomy":"product_tag","embeddable":true,"href":"https:\/\/davidgeisser-kochstudio.ch\/en\/wp-json\/wp\/v2\/product_tag?post=2630"}],"curies":[{"name":"wp","href":"https:\/\/api.w.org\/{rel}","templated":true}]}}